{"id":398,"date":"2017-11-17T13:31:09","date_gmt":"2017-11-17T13:31:09","guid":{"rendered":"http:\/\/www.bibliotecamunicipaldeconcepcion.cl\/?page_id=398"},"modified":"2025-07-29T21:43:35","modified_gmt":"2025-07-29T21:43:35","slug":"enlaces-2","status":"publish","type":"page","link":"https:\/\/www.bibliotecamunicipaldeconcepcion.cl\/index.php\/enlaces-2\/","title":{"rendered":"Enlaces"},"content":{"rendered":"<p>\u00a0<\/p>\n<div align=\"center\">\n<h1><b>Enlaces institucionales Corporaci\u00f3n SEMCO<\/b><\/h1>\n<p>\u00a0<\/p>\n<\/div>\n<p><a href=\"https:\/\/www.semco.cl\" target=\"_blank\" rel=\"noopener\"><img loading=\"lazy\" decoding=\"async\" class=\"alignnone size-medium wp-image-831\" src=\"http:\/\/www.bibliotecamunicipaldeconcepcion.cl\/wp-content\/uploads\/2018\/01\/1-.png\" alt=\"\" width=\"1617\" height=\"521\" \/><\/a><\/p>\n<div align=\"center\">\n<h5>P\u00e1gina Web Corporaci\u00f3n SEMCO (Pinche Aqu\u00ed)<\/h5>\n<p>\u00a0<\/p>\n<\/div>\n<p>\u00a0<\/p>\n<hr \/>\n<p><a href=\"https:\/\/www.archivohistoricoconcepcion.cl\" target=\"_blank\" rel=\"noopener\"><img loading=\"lazy\" decoding=\"async\" class=\"alignnone size-medium wp-image-833\" src=\"http:\/\/www.bibliotecamunicipaldeconcepcion.cl\/wp-content\/uploads\/2018\/01\/2.png\" alt=\"\" width=\"1617\" height=\"521\" \/><\/a><\/p>\n<div align=\"center\">\n<h5>P\u00e1gina Web Archivo Hist\u00f3rico de Concepci\u00f3n (Pinche Aqu\u00ed)<\/h5>\n<p>\u00a0<\/p>\n<\/div>\n<p>\u00a0<\/p>\n<hr \/>\n<p><a href=\"https:\/\/www.ghconcepcion.cl\" target=\"_blank\" rel=\"noopener\"><img loading=\"lazy\" decoding=\"async\" class=\"alignnone size-medium wp-image-834\" src=\"http:\/\/www.bibliotecamunicipaldeconcepcion.cl\/wp-content\/uploads\/2017\/11\/4-300x96.png\" alt=\"\" width=\"1617\" height=\"521\" srcset=\"https:\/\/www.bibliotecamunicipaldeconcepcion.cl\/wp-content\/uploads\/2017\/11\/4-300x96.png 300w, https:\/\/www.bibliotecamunicipaldeconcepcion.cl\/wp-content\/uploads\/2017\/11\/4-768x247.png 768w, https:\/\/www.bibliotecamunicipaldeconcepcion.cl\/wp-content\/uploads\/2017\/11\/4-1024x329.png 1024w, https:\/\/www.bibliotecamunicipaldeconcepcion.cl\/wp-content\/uploads\/2017\/11\/4-260x83.png 260w, https:\/\/www.bibliotecamunicipaldeconcepcion.cl\/wp-content\/uploads\/2017\/11\/4-50x16.png 50w, https:\/\/www.bibliotecamunicipaldeconcepcion.cl\/wp-content\/uploads\/2017\/11\/4-150x48.png 150w, https:\/\/www.bibliotecamunicipaldeconcepcion.cl\/wp-content\/uploads\/2017\/11\/4.png 1187w\" sizes=\"auto, (max-width:767px) 700px, (max-width:1617px) 100vw, 1617px\" \/><\/a><\/p>\n<div align=\"center\">\n<h5>P\u00e1gina Web Galer\u00eda de la Historia de Concepci\u00f3n (Pinche Aqu\u00ed)<\/h5>\n<p>\u00a0<\/p>\n<\/div>\n<p>\u00a0<\/p>\n<hr \/>\n<p><a href=\"https:\/\/www.cementerioconcepcion.cl\" target=\"_blank\" rel=\"noopener\"><img loading=\"lazy\" decoding=\"async\" class=\"alignnone size-medium wp-image-835\" src=\"http:\/\/www.bibliotecamunicipaldeconcepcion.cl\/wp-content\/uploads\/2017\/11\/5-300x96.png\" alt=\"\" width=\"1617\" height=\"521\" srcset=\"https:\/\/www.bibliotecamunicipaldeconcepcion.cl\/wp-content\/uploads\/2017\/11\/5-300x96.png 300w, https:\/\/www.bibliotecamunicipaldeconcepcion.cl\/wp-content\/uploads\/2017\/11\/5-768x247.png 768w, https:\/\/www.bibliotecamunicipaldeconcepcion.cl\/wp-content\/uploads\/2017\/11\/5-1024x329.png 1024w, https:\/\/www.bibliotecamunicipaldeconcepcion.cl\/wp-content\/uploads\/2017\/11\/5-260x83.png 260w, https:\/\/www.bibliotecamunicipaldeconcepcion.cl\/wp-content\/uploads\/2017\/11\/5-50x16.png 50w, https:\/\/www.bibliotecamunicipaldeconcepcion.cl\/wp-content\/uploads\/2017\/11\/5-150x48.png 150w, https:\/\/www.bibliotecamunicipaldeconcepcion.cl\/wp-content\/uploads\/2017\/11\/5.png 1187w\" sizes=\"auto, (max-width:767px) 700px, (max-width:1617px) 100vw, 1617px\" \/><\/a><\/p>\n<div align=\"center\">\n<h5>P\u00e1gina Web Cementerio General de Concepci\u00f3n (Pinche Aqu\u00ed)<\/h5>\n<p>\u00a0<\/p>\n<\/div>\n<p>\u00a0<\/p>\n<hr \/>\n<p><a href=\"https:\/\/www.cementerioconcepcion.cl\/crematorio\/\" target=\"_blank\" rel=\"noopener\"><img loading=\"lazy\" decoding=\"async\" class=\"alignnone size-medium wp-image-832\" src=\"http:\/\/www.bibliotecamunicipaldeconcepcion.cl\/wp-content\/uploads\/2017\/11\/6.png\" alt=\"\" width=\"1617\" height=\"521\" \/><\/a><\/p>\n<hr \/>\n<p>\u00a0<\/p>\n<div align=\"center\">\n<h1><b>Enlaces de instituciones afines<\/b><\/h1>\n<p>\u00a0<\/p>\n<\/div>\n<p>\u00a0<\/p>\n<h4><span style=\"color: #806d3c;\">Municipalidad de Concepci\u00f3n<\/span><\/h4>\n<p align=\"justify\">Sitio web del municipio Penquista. En \u00e9l se pueden realizar diversos tr\u00e1mites, buscar informaci\u00f3n por transparencia activa, informarse de las actividades de los distintos departamentos, realizar solicitudes, pagos, revisar eventos tur\u00edsticos y culturales.<\/p>\n<ul>\n<li><a href=\"https:\/\/www.concepcion.cl\/\">P\u00e1gina WEB (Pinche Aqu\u00ed)<\/a><\/li>\n<\/ul>\n<hr \/>\n<h4><span style=\"color: #806d3c;\">Museo de Historia Natural de Concepci\u00f3n<\/span><\/h4>\n<p align=\"justify\">En \u00e9l que se puede encontrar la historia del Museo, adem\u00e1s de encontrar las diversas exposiciones, colecciones, servicios, investigaciones, cartelera y galer\u00eda fotogr\u00e1fica de las diversas actividades que el museo tiene disponible para todos los visitantes.<\/p>\n<ul>\n<li><a href=\"http:\/\/www.museodehistorianaturaldeconcepcion.cl\/640\/w3-channel.html\">P\u00e1gina WEB (Pinche Aqu\u00ed)<\/a><\/li>\n<\/ul>\n<hr \/>\n<h4><span style=\"color: #806d3c;\">Biblioteca Nacional de Chile<\/span><\/h4>\n<p align=\"justify\">En este sitio los usurarios pueden encontrar diversos servicios que tiene la Biblioteca Nacional. Entre ellos destacan: Sal\u00f3n de Investigadores, colecciones, cat\u00e1logo, dep\u00f3sito legal y publicaciones digitalizadas.<\/p>\n<ul>\n<li><a href=\"http:\/\/www.bibliotecanacional.cl\/615\/w3-channel.html\">P\u00e1gina WEB (Pinche Aqu\u00ed)<\/a><\/li>\n<\/ul>\n<hr \/>\n<h4><span style=\"color: #806d3c;\">Archivo Nacional<\/span><\/h4>\n<p align=\"justify\">El sitio del Archivo Nacional proporciona al usuario la posibilidad de acceder a m\u00faltiples archivos patrimoniales y documentales que han generado el estado y los privados. Algunos de ellos son: Fondos documentales, Cat\u00e1logos y Archivos sobre mujeres y G\u00e9neros.<\/p>\n<ul>\n<li><a href=\"http:\/\/www.archivonacional.cl\/616\/w3-channel.html\">P\u00e1gina WEB (Pinche Aqu\u00ed)<\/a><\/li>\n<\/ul>\n<hr \/>\n<h4><span style=\"color: #806d3c;\">Museo Pedro del R\u00edo Za\u00f1artu<\/span><\/h4>\n<p align=\"justify\">Sitio web del Parque Pedro del R\u00edo Za\u00f1artu. En \u00e9l se puede encontrar las diversas atracciones que encuentran en este parque, adem\u00e1s el sitio posee informaci\u00f3n sobre los horarios y tarifas para acceder al santuario de la naturaleza y al museo.<\/p>\n<p>\u00a0<\/p>\n<ul>\n<li><a href=\"http:\/\/prz.cl\/\">P\u00e1gina WEB (Pinche Aqu\u00ed)<\/a><\/li>\n<\/ul>\n<hr \/>\n<h4><span style=\"color: #806d3c;\">Museo Stom<\/span><\/h4>\n<p align=\"justify\">Este sitio invita a visitar las diversas colecciones que el Museo Stom de Chiguayante expone de manera permanente. Destaca sus piezas relativas a la cultura Mapuche.<\/p>\n<ul>\n<li><a href=\"https:\/\/www.registromuseoschile.cl\/663\/w3-article-50647.html\" target=\"_blank\" rel=\"noopener\">P\u00e1gina WEB (Pinche Aqu\u00ed)<\/a><\/li>\n<\/ul>\n<hr \/>\n\n\n<p><\/p>\n","protected":false},"excerpt":{"rendered":"<p>\u00a0 Enlaces institucionales Corporaci\u00f3n SEMCO \u00a0 P\u00e1gina Web Corporaci\u00f3n SEMCO (Pinche Aqu\u00ed) \u00a0 \u00a0 P\u00e1gina Web Archivo Hist\u00f3rico de Concepci\u00f3n (Pinche Aqu\u00ed) \u00a0 \u00a0 P\u00e1gina Web<span class=\"excerpt-hellip\"> [\u2026]<\/span><\/p>\n","protected":false},"author":1,"featured_media":0,"parent":0,"menu_order":0,"comment_status":"closed","ping_status":"closed","template":"","meta":{"footnotes":""},"class_list":["post-398","page","type-page","status-publish","hentry"],"_links":{"self":[{"href":"https:\/\/www.bibliotecamunicipaldeconcepcion.cl\/index.php\/wp-json\/wp\/v2\/pages\/398","targetHints":{"allow":["GET"]}}],"collection":[{"href":"https:\/\/www.bibliotecamunicipaldeconcepcion.cl\/index.php\/wp-json\/wp\/v2\/pages"}],"about":[{"href":"https:\/\/www.bibliotecamunicipaldeconcepcion.cl\/index.php\/wp-json\/wp\/v2\/types\/page"}],"author":[{"embeddable":true,"href":"https:\/\/www.bibliotecamunicipaldeconcepcion.cl\/index.php\/wp-json\/wp\/v2\/users\/1"}],"replies":[{"embeddable":true,"href":"https:\/\/www.bibliotecamunicipaldeconcepcion.cl\/index.php\/wp-json\/wp\/v2\/comments?post=398"}],"version-history":[{"count":45,"href":"https:\/\/www.bibliotecamunicipaldeconcepcion.cl\/index.php\/wp-json\/wp\/v2\/pages\/398\/revisions"}],"predecessor-version":[{"id":4010,"href":"https:\/\/www.bibliotecamunicipaldeconcepcion.cl\/index.php\/wp-json\/wp\/v2\/pages\/398\/revisions\/4010"}],"wp:attachment":[{"href":"https:\/\/www.bibliotecamunicipaldeconcepcion.cl\/index.php\/wp-json\/wp\/v2\/media?parent=398"}],"curies":[{"name":"wp","href":"https:\/\/api.w.org\/{rel}","templated":true}]}}